{"id":174,"date":"2024-04-18T14:31:10","date_gmt":"2024-04-18T12:31:10","guid":{"rendered":"https:\/\/hoteldesgrandshommesbordeaux.ms2.decms.eu\/services\/"},"modified":"2024-11-22T00:22:07","modified_gmt":"2024-11-21T23:22:07","slug":"services","status":"publish","type":"page","link":"https:\/\/www.hoteldesgrandshommesbordeaux.com\/es\/services\/","title":{"rendered":"Servicios"},"content":{"rendered":"<p><span style=\"font-weight: 400\">Estamos a su disposici\u00f3n para que su estancia sea lo m\u00e1s agradable posible y para responder a todas sus preguntas. <\/span><\/p>\n<p><span style=\"font-weight: 400\">No dude en ponerse en contacto con nosotros si tiene alguna petici\u00f3n espec\u00edfica, estaremos encantados de atenderle. En el momento del check-in se le entregar\u00e1 un mapa de la ciudad con la ruta de la UNESCO en el que se indican todos los sitios, monumentos, atracciones y lugares culturales para visitar. Sus bicicletas se guardan en una sala segura con vigilancia 24 horas. Si no es posible avisar la v\u00edspera, llame a recepci\u00f3n para comprobar la disponibilidad de plazas. Espacio para un m\u00e1ximo de 5 bicicletas el\u00e9ctricas. Servicio gratuito para los hu\u00e9spedes del hotel. Check in de las bicicletas hasta las 19:30\/Check out de las bicicletas de 7:00 a 10:30.<\/span><\/p>\n<p><strong>Restauraci\u00f3n<\/strong> :<br \/>\n&#8211; <a href=\"https:\/\/www.lenoailles.fr\/\" target=\"_blank\" rel=\"noopener\">Brasserie Le Noailles<\/a><br \/>\n&#8211; <a href=\"https:\/\/www.chapon-fin.com\/\" target=\"_blank\" rel=\"noopener\">Le Chapon Fin<\/a><br \/>\n&#8211; <a href=\"https:\/\/www.leclemenceaubordeaux.fr\/\" target=\"_blank\" rel=\"noopener\">Le Clemenceau<\/a><br \/>\n&#8211; <a href=\"https:\/\/www.restaurant-amicis.fr\/\" target=\"_blank\" rel=\"noopener\">Amicis<\/a><br \/>\n&#8211; <a href=\"https:\/\/www.son-restaurant.fr\/\" target=\"_blank\" rel=\"noopener\">Son of the Sun<\/a><\/p>\n<p><strong>Parking<\/strong> :<br \/>\n&#8211; <a href=\"https:\/\/www.mtpk.fr\/parkings\/parking-grands-hommes\/\" target=\"_blank\" rel=\"noopener\">https:\/\/www.mtpk.fr\/parkings\/parking-grands-hommes\/<\/a><\/p>\n","protected":false},"excerpt":{"rendered":"<p>Estamos a su disposici\u00f3n para que su estancia sea lo m\u00e1s agradable posible y para responder a todas sus preguntas. No dude en ponerse en contacto con nosotros si tiene alguna petici\u00f3n espec\u00edfica, estaremos encantados de atenderle. En el momento del check-in se le entregar\u00e1 un mapa de la ciudad con la ruta de la [&hellip;]<\/p>\n","protected":false},"author":25,"featured_media":0,"parent":0,"menu_order":0,"comment_status":"closed","ping_status":"closed","template":"template-services.php","meta":{"footnotes":""},"class_list":["post-174","page","type-page","status-publish","hentry"],"yoast_head":"<!-- This site is optimized with the Yoast SEO plugin v27.3 - https:\/\/yoast.com\/product\/yoast-seo-wordpress\/ -->\n<title>Servicios - Hotel des Grands Hommes Bordeaux<\/title>\n<meta name=\"description\" content=\"Estamos a su disposici\u00f3n para que su estancia sea lo m\u00e1s agradable posible y para responder a todas sus preguntas. No dude en ponerse en contacto con\" \/>\n<meta name=\"robots\" content=\"index, follow, max-snippet:-1, max-image-preview:large, max-video-preview:-1\" \/>\n<link rel=\"canonical\" href=\"https:\/\/www.hoteldesgrandshommesbordeaux.com\/es\/services\/\" \/>\n<meta property=\"og:locale\" content=\"es_ES\" \/>\n<meta property=\"og:type\" content=\"article\" \/>\n<meta property=\"og:title\" content=\"Servicios - Hotel des Grands Hommes Bordeaux\" \/>\n<meta property=\"og:description\" content=\"Estamos a su disposici\u00f3n para que su estancia sea lo m\u00e1s agradable posible y para responder a todas sus preguntas. No dude en ponerse en contacto con\" \/>\n<meta property=\"og:url\" content=\"https:\/\/www.hoteldesgrandshommesbordeaux.com\/es\/services\/\" \/>\n<meta property=\"og:site_name\" content=\"Hotel des Grands Hommes Bordeaux\" \/>\n<meta property=\"article:modified_time\" content=\"2024-11-21T23:22:07+00:00\" \/>\n<meta name=\"twitter:card\" content=\"summary_large_image\" \/>\n<meta name=\"twitter:label1\" content=\"Tiempo de lectura\" \/>\n\t<meta name=\"twitter:data1\" content=\"1 minuto\" \/>\n<script type=\"application\/ld+json\" class=\"yoast-schema-graph\">{\"@context\":\"https:\\\/\\\/schema.org\",\"@graph\":[{\"@type\":\"WebPage\",\"@id\":\"https:\\\/\\\/www.hoteldesgrandshommesbordeaux.com\\\/es\\\/services\\\/\",\"url\":\"https:\\\/\\\/www.hoteldesgrandshommesbordeaux.com\\\/es\\\/services\\\/\",\"name\":\"Servicios - Hotel des Grands Hommes Bordeaux\",\"isPartOf\":{\"@id\":\"https:\\\/\\\/www.hoteldesgrandshommesbordeaux.com\\\/es\\\/#website\"},\"datePublished\":\"2024-04-18T12:31:10+00:00\",\"dateModified\":\"2024-11-21T23:22:07+00:00\",\"description\":\"Estamos a su disposici\u00f3n para que su estancia sea lo m\u00e1s agradable posible y para responder a todas sus preguntas. No dude en ponerse en contacto con\",\"breadcrumb\":{\"@id\":\"https:\\\/\\\/www.hoteldesgrandshommesbordeaux.com\\\/es\\\/services\\\/#breadcrumb\"},\"inLanguage\":\"es\",\"potentialAction\":[{\"@type\":\"ReadAction\",\"target\":[\"https:\\\/\\\/www.hoteldesgrandshommesbordeaux.com\\\/es\\\/services\\\/\"]}]},{\"@type\":\"BreadcrumbList\",\"@id\":\"https:\\\/\\\/www.hoteldesgrandshommesbordeaux.com\\\/es\\\/services\\\/#breadcrumb\",\"itemListElement\":[{\"@type\":\"ListItem\",\"position\":1,\"name\":\"Accueil\",\"item\":\"https:\\\/\\\/www.hoteldesgrandshommesbordeaux.com\\\/es\\\/\"},{\"@type\":\"ListItem\",\"position\":2,\"name\":\"Servicios\"}]},{\"@type\":\"WebSite\",\"@id\":\"https:\\\/\\\/www.hoteldesgrandshommesbordeaux.com\\\/es\\\/#website\",\"url\":\"https:\\\/\\\/www.hoteldesgrandshommesbordeaux.com\\\/es\\\/\",\"name\":\"Hotel des Grands Hommes Bordeaux\",\"description\":\"\",\"potentialAction\":[{\"@type\":\"SearchAction\",\"target\":{\"@type\":\"EntryPoint\",\"urlTemplate\":\"https:\\\/\\\/www.hoteldesgrandshommesbordeaux.com\\\/es\\\/?s={search_term_string}\"},\"query-input\":{\"@type\":\"PropertyValueSpecification\",\"valueRequired\":true,\"valueName\":\"search_term_string\"}}],\"inLanguage\":\"es\"}]}<\/script>\n<!-- \/ Yoast SEO plugin. -->","yoast_head_json":{"title":"Servicios - Hotel des Grands Hommes Bordeaux","description":"Estamos a su disposici\u00f3n para que su estancia sea lo m\u00e1s agradable posible y para responder a todas sus preguntas. No dude en ponerse en contacto con","robots":{"index":"index","follow":"follow","max-snippet":"max-snippet:-1","max-image-preview":"max-image-preview:large","max-video-preview":"max-video-preview:-1"},"canonical":"https:\/\/www.hoteldesgrandshommesbordeaux.com\/es\/services\/","og_locale":"es_ES","og_type":"article","og_title":"Servicios - Hotel des Grands Hommes Bordeaux","og_description":"Estamos a su disposici\u00f3n para que su estancia sea lo m\u00e1s agradable posible y para responder a todas sus preguntas. No dude en ponerse en contacto con","og_url":"https:\/\/www.hoteldesgrandshommesbordeaux.com\/es\/services\/","og_site_name":"Hotel des Grands Hommes Bordeaux","article_modified_time":"2024-11-21T23:22:07+00:00","twitter_card":"summary_large_image","twitter_misc":{"Tiempo de lectura":"1 minuto"},"schema":{"@context":"https:\/\/schema.org","@graph":[{"@type":"WebPage","@id":"https:\/\/www.hoteldesgrandshommesbordeaux.com\/es\/services\/","url":"https:\/\/www.hoteldesgrandshommesbordeaux.com\/es\/services\/","name":"Servicios - Hotel des Grands Hommes Bordeaux","isPartOf":{"@id":"https:\/\/www.hoteldesgrandshommesbordeaux.com\/es\/#website"},"datePublished":"2024-04-18T12:31:10+00:00","dateModified":"2024-11-21T23:22:07+00:00","description":"Estamos a su disposici\u00f3n para que su estancia sea lo m\u00e1s agradable posible y para responder a todas sus preguntas. No dude en ponerse en contacto con","breadcrumb":{"@id":"https:\/\/www.hoteldesgrandshommesbordeaux.com\/es\/services\/#breadcrumb"},"inLanguage":"es","potentialAction":[{"@type":"ReadAction","target":["https:\/\/www.hoteldesgrandshommesbordeaux.com\/es\/services\/"]}]},{"@type":"BreadcrumbList","@id":"https:\/\/www.hoteldesgrandshommesbordeaux.com\/es\/services\/#breadcrumb","itemListElement":[{"@type":"ListItem","position":1,"name":"Accueil","item":"https:\/\/www.hoteldesgrandshommesbordeaux.com\/es\/"},{"@type":"ListItem","position":2,"name":"Servicios"}]},{"@type":"WebSite","@id":"https:\/\/www.hoteldesgrandshommesbordeaux.com\/es\/#website","url":"https:\/\/www.hoteldesgrandshommesbordeaux.com\/es\/","name":"Hotel des Grands Hommes Bordeaux","description":"","potentialAction":[{"@type":"SearchAction","target":{"@type":"EntryPoint","urlTemplate":"https:\/\/www.hoteldesgrandshommesbordeaux.com\/es\/?s={search_term_string}"},"query-input":{"@type":"PropertyValueSpecification","valueRequired":true,"valueName":"search_term_string"}}],"inLanguage":"es"}]}},"acf":[],"_links":{"self":[{"href":"https:\/\/www.hoteldesgrandshommesbordeaux.com\/es\/wp-json\/wp\/v2\/pages\/174","targetHints":{"allow":["GET"]}}],"collection":[{"href":"https:\/\/www.hoteldesgrandshommesbordeaux.com\/es\/wp-json\/wp\/v2\/pages"}],"about":[{"href":"https:\/\/www.hoteldesgrandshommesbordeaux.com\/es\/wp-json\/wp\/v2\/types\/page"}],"author":[{"embeddable":true,"href":"https:\/\/www.hoteldesgrandshommesbordeaux.com\/es\/wp-json\/wp\/v2\/users\/25"}],"replies":[{"embeddable":true,"href":"https:\/\/www.hoteldesgrandshommesbordeaux.com\/es\/wp-json\/wp\/v2\/comments?post=174"}],"version-history":[{"count":0,"href":"https:\/\/www.hoteldesgrandshommesbordeaux.com\/es\/wp-json\/wp\/v2\/pages\/174\/revisions"}],"wp:attachment":[{"href":"https:\/\/www.hoteldesgrandshommesbordeaux.com\/es\/wp-json\/wp\/v2\/media?parent=174"}],"curies":[{"name":"wp","href":"https:\/\/api.w.org\/{rel}","templated":true}]}}