{"id":158,"date":"2024-04-18T14:30:08","date_gmt":"2024-04-18T12:30:08","guid":{"rendered":"https:\/\/hoteldesgrandshommesbordeaux.ms2.decms.eu\/nos-chambres\/chambre-double\/"},"modified":"2024-11-21T14:27:30","modified_gmt":"2024-11-21T13:27:30","slug":"chambre-double","status":"publish","type":"page","link":"https:\/\/www.hoteldesgrandshommesbordeaux.com\/es\/nos-chambres\/chambre-double\/","title":{"rendered":"Habitaci\u00f3n doble"},"content":{"rendered":"<p><span style=\"font-weight: 400;\">Estas habitaciones dobles tienen un ba\u00f1o peque\u00f1o con todas las comodidades y nuestros art\u00edculos de tocador de marca ADA cosmetics.<\/span><\/p>\n<p><span style=\"font-weight: 400;\"> Disponen de camas DENANTES de fabricaci\u00f3n francesa, doble de 140 x 190 cm para 2 personas. <\/span><\/p>\n<p><span style=\"font-weight: 400;\">Acceso WI-FI 6 de fibra de alta velocidad gratuito y una pantalla plana SLIM SAMSUNG HOSPITALITY chromecast.<\/span><\/p>\n","protected":false},"excerpt":{"rendered":"<p>Estas habitaciones dobles tienen un ba\u00f1o peque\u00f1o con todas las comodidades y nuestros art\u00edculos de tocador de marca ADA cosmetics. Disponen de camas DENANTES de fabricaci\u00f3n francesa, doble de 140 x 190 cm para 2 personas. Acceso WI-FI 6 de fibra de alta velocidad gratuito y una pantalla plana SLIM SAMSUNG HOSPITALITY chromecast.<\/p>\n","protected":false},"author":25,"featured_media":0,"parent":156,"menu_order":20,"comment_status":"closed","ping_status":"closed","template":"template-single-room.php","meta":{"footnotes":""},"class_list":["post-158","page","type-page","status-publish","hentry"],"yoast_head":"<!-- This site is optimized with the Yoast SEO plugin v27.3 - https:\/\/yoast.com\/product\/yoast-seo-wordpress\/ -->\n<title>Habitaci\u00f3n doble - Hotel des Grands Hommes Bordeaux<\/title>\n<meta name=\"description\" content=\"Estas habitaciones dobles tienen un ba\u00f1o peque\u00f1o con todas las comodidades y nuestros art\u00edculos de tocador de marca ADA cosmetics. Disponen de camas\" \/>\n<meta name=\"robots\" content=\"index, follow, max-snippet:-1, max-image-preview:large, max-video-preview:-1\" \/>\n<link rel=\"canonical\" href=\"https:\/\/www.hoteldesgrandshommesbordeaux.com\/es\/nos-chambres\/chambre-double\/\" \/>\n<meta property=\"og:locale\" content=\"es_ES\" \/>\n<meta property=\"og:type\" content=\"article\" \/>\n<meta property=\"og:title\" content=\"Habitaci\u00f3n doble - Hotel des Grands Hommes Bordeaux\" \/>\n<meta property=\"og:description\" content=\"Estas habitaciones dobles tienen un ba\u00f1o peque\u00f1o con todas las comodidades y nuestros art\u00edculos de tocador de marca ADA cosmetics. Disponen de camas\" \/>\n<meta property=\"og:url\" content=\"https:\/\/www.hoteldesgrandshommesbordeaux.com\/es\/nos-chambres\/chambre-double\/\" \/>\n<meta property=\"og:site_name\" content=\"Hotel des Grands Hommes Bordeaux\" \/>\n<meta property=\"article:modified_time\" content=\"2024-11-21T13:27:30+00:00\" \/>\n<meta name=\"twitter:card\" content=\"summary_large_image\" \/>\n<meta name=\"twitter:label1\" content=\"Tiempo de lectura\" \/>\n\t<meta name=\"twitter:data1\" content=\"1 minuto\" \/>\n<script type=\"application\/ld+json\" class=\"yoast-schema-graph\">{\"@context\":\"https:\\\/\\\/schema.org\",\"@graph\":[{\"@type\":\"WebPage\",\"@id\":\"https:\\\/\\\/www.hoteldesgrandshommesbordeaux.com\\\/es\\\/nos-chambres\\\/chambre-double\\\/\",\"url\":\"https:\\\/\\\/www.hoteldesgrandshommesbordeaux.com\\\/es\\\/nos-chambres\\\/chambre-double\\\/\",\"name\":\"Habitaci\u00f3n doble - Hotel des Grands Hommes Bordeaux\",\"isPartOf\":{\"@id\":\"https:\\\/\\\/www.hoteldesgrandshommesbordeaux.com\\\/es\\\/#website\"},\"datePublished\":\"2024-04-18T12:30:08+00:00\",\"dateModified\":\"2024-11-21T13:27:30+00:00\",\"description\":\"Estas habitaciones dobles tienen un ba\u00f1o peque\u00f1o con todas las comodidades y nuestros art\u00edculos de tocador de marca ADA cosmetics. Disponen de camas\",\"breadcrumb\":{\"@id\":\"https:\\\/\\\/www.hoteldesgrandshommesbordeaux.com\\\/es\\\/nos-chambres\\\/chambre-double\\\/#breadcrumb\"},\"inLanguage\":\"es\",\"potentialAction\":[{\"@type\":\"ReadAction\",\"target\":[\"https:\\\/\\\/www.hoteldesgrandshommesbordeaux.com\\\/es\\\/nos-chambres\\\/chambre-double\\\/\"]}]},{\"@type\":\"BreadcrumbList\",\"@id\":\"https:\\\/\\\/www.hoteldesgrandshommesbordeaux.com\\\/es\\\/nos-chambres\\\/chambre-double\\\/#breadcrumb\",\"itemListElement\":[{\"@type\":\"ListItem\",\"position\":1,\"name\":\"Accueil\",\"item\":\"https:\\\/\\\/www.hoteldesgrandshommesbordeaux.com\\\/es\\\/\"},{\"@type\":\"ListItem\",\"position\":2,\"name\":\"Habitaciones\",\"item\":\"https:\\\/\\\/www.hoteldesgrandshommesbordeaux.com\\\/es\\\/nos-chambres\\\/\"},{\"@type\":\"ListItem\",\"position\":3,\"name\":\"Habitaci\u00f3n doble\"}]},{\"@type\":\"WebSite\",\"@id\":\"https:\\\/\\\/www.hoteldesgrandshommesbordeaux.com\\\/es\\\/#website\",\"url\":\"https:\\\/\\\/www.hoteldesgrandshommesbordeaux.com\\\/es\\\/\",\"name\":\"Hotel des Grands Hommes Bordeaux\",\"description\":\"\",\"potentialAction\":[{\"@type\":\"SearchAction\",\"target\":{\"@type\":\"EntryPoint\",\"urlTemplate\":\"https:\\\/\\\/www.hoteldesgrandshommesbordeaux.com\\\/es\\\/?s={search_term_string}\"},\"query-input\":{\"@type\":\"PropertyValueSpecification\",\"valueRequired\":true,\"valueName\":\"search_term_string\"}}],\"inLanguage\":\"es\"}]}<\/script>\n<!-- \/ Yoast SEO plugin. -->","yoast_head_json":{"title":"Habitaci\u00f3n doble - Hotel des Grands Hommes Bordeaux","description":"Estas habitaciones dobles tienen un ba\u00f1o peque\u00f1o con todas las comodidades y nuestros art\u00edculos de tocador de marca ADA cosmetics. Disponen de camas","robots":{"index":"index","follow":"follow","max-snippet":"max-snippet:-1","max-image-preview":"max-image-preview:large","max-video-preview":"max-video-preview:-1"},"canonical":"https:\/\/www.hoteldesgrandshommesbordeaux.com\/es\/nos-chambres\/chambre-double\/","og_locale":"es_ES","og_type":"article","og_title":"Habitaci\u00f3n doble - Hotel des Grands Hommes Bordeaux","og_description":"Estas habitaciones dobles tienen un ba\u00f1o peque\u00f1o con todas las comodidades y nuestros art\u00edculos de tocador de marca ADA cosmetics. Disponen de camas","og_url":"https:\/\/www.hoteldesgrandshommesbordeaux.com\/es\/nos-chambres\/chambre-double\/","og_site_name":"Hotel des Grands Hommes Bordeaux","article_modified_time":"2024-11-21T13:27:30+00:00","twitter_card":"summary_large_image","twitter_misc":{"Tiempo de lectura":"1 minuto"},"schema":{"@context":"https:\/\/schema.org","@graph":[{"@type":"WebPage","@id":"https:\/\/www.hoteldesgrandshommesbordeaux.com\/es\/nos-chambres\/chambre-double\/","url":"https:\/\/www.hoteldesgrandshommesbordeaux.com\/es\/nos-chambres\/chambre-double\/","name":"Habitaci\u00f3n doble - Hotel des Grands Hommes Bordeaux","isPartOf":{"@id":"https:\/\/www.hoteldesgrandshommesbordeaux.com\/es\/#website"},"datePublished":"2024-04-18T12:30:08+00:00","dateModified":"2024-11-21T13:27:30+00:00","description":"Estas habitaciones dobles tienen un ba\u00f1o peque\u00f1o con todas las comodidades y nuestros art\u00edculos de tocador de marca ADA cosmetics. Disponen de camas","breadcrumb":{"@id":"https:\/\/www.hoteldesgrandshommesbordeaux.com\/es\/nos-chambres\/chambre-double\/#breadcrumb"},"inLanguage":"es","potentialAction":[{"@type":"ReadAction","target":["https:\/\/www.hoteldesgrandshommesbordeaux.com\/es\/nos-chambres\/chambre-double\/"]}]},{"@type":"BreadcrumbList","@id":"https:\/\/www.hoteldesgrandshommesbordeaux.com\/es\/nos-chambres\/chambre-double\/#breadcrumb","itemListElement":[{"@type":"ListItem","position":1,"name":"Accueil","item":"https:\/\/www.hoteldesgrandshommesbordeaux.com\/es\/"},{"@type":"ListItem","position":2,"name":"Habitaciones","item":"https:\/\/www.hoteldesgrandshommesbordeaux.com\/es\/nos-chambres\/"},{"@type":"ListItem","position":3,"name":"Habitaci\u00f3n doble"}]},{"@type":"WebSite","@id":"https:\/\/www.hoteldesgrandshommesbordeaux.com\/es\/#website","url":"https:\/\/www.hoteldesgrandshommesbordeaux.com\/es\/","name":"Hotel des Grands Hommes Bordeaux","description":"","potentialAction":[{"@type":"SearchAction","target":{"@type":"EntryPoint","urlTemplate":"https:\/\/www.hoteldesgrandshommesbordeaux.com\/es\/?s={search_term_string}"},"query-input":{"@type":"PropertyValueSpecification","valueRequired":true,"valueName":"search_term_string"}}],"inLanguage":"es"}]}},"acf":[],"_links":{"self":[{"href":"https:\/\/www.hoteldesgrandshommesbordeaux.com\/es\/wp-json\/wp\/v2\/pages\/158","targetHints":{"allow":["GET"]}}],"collection":[{"href":"https:\/\/www.hoteldesgrandshommesbordeaux.com\/es\/wp-json\/wp\/v2\/pages"}],"about":[{"href":"https:\/\/www.hoteldesgrandshommesbordeaux.com\/es\/wp-json\/wp\/v2\/types\/page"}],"author":[{"embeddable":true,"href":"https:\/\/www.hoteldesgrandshommesbordeaux.com\/es\/wp-json\/wp\/v2\/users\/25"}],"replies":[{"embeddable":true,"href":"https:\/\/www.hoteldesgrandshommesbordeaux.com\/es\/wp-json\/wp\/v2\/comments?post=158"}],"version-history":[{"count":0,"href":"https:\/\/www.hoteldesgrandshommesbordeaux.com\/es\/wp-json\/wp\/v2\/pages\/158\/revisions"}],"up":[{"embeddable":true,"href":"https:\/\/www.hoteldesgrandshommesbordeaux.com\/es\/wp-json\/wp\/v2\/pages\/156"}],"wp:attachment":[{"href":"https:\/\/www.hoteldesgrandshommesbordeaux.com\/es\/wp-json\/wp\/v2\/media?parent=158"}],"curies":[{"name":"wp","href":"https:\/\/api.w.org\/{rel}","templated":true}]}}